{"id":11412,"date":"2016-12-05T16:27:47","date_gmt":"2016-12-05T16:27:47","guid":{"rendered":"https:\/\/nex.vamtam.com\/?page_id=11412"},"modified":"2025-04-29T10:11:06","modified_gmt":"2025-04-29T13:11:06","slug":"contacto","status":"publish","type":"page","link":"https:\/\/medelinox.com\/en\/contacto\/","title":{"rendered":"Contact"},"content":{"rendered":"<div class=\"vgblk-rw-wrapper limit-wrapper\">\r\n<h2>Ll\u00e1menos<br \/><strong>o complete el formulario<\/strong><\/h2>\r\n<h4>+ 54 03401 420140<\/h4>\r\n<p>Tel\u00e9fono de contacto<\/p>\r\n<h4>Horario<\/h4>\r\n<p>Lunes a Viernes:\u00a0 9:00 &#8211; 17:00 hs<\/p>\r\n<h4>Direcci\u00f3n<\/h4>\r\n<p>Mendoza 865, El Tr\u00e9bol (Sta. Fe) &#8211; Argentina<\/p>\r\n\n<div class=\"wpcf7 no-js\" id=\"wpcf7-f18025-o1\" lang=\"es-ES\" dir=\"ltr\" data-wpcf7-id=\"18025\">\n<div class=\"screen-reader-response\"><p role=\"status\" aria-live=\"polite\" aria-atomic=\"true\"><\/p> <ul><\/ul><\/div>\n<form action=\"\/en\/wp-json\/wp\/v2\/pages\/11412#wpcf7-f18025-o1\" method=\"post\" class=\"wpcf7-form init\" aria-label=\"Formulario de contacto\" novalidate=\"novalidate\" data-status=\"init\">\n<fieldset class=\"hidden-fields-container\"><input type=\"hidden\" name=\"_wpcf7\" value=\"18025\" \/><input type=\"hidden\" name=\"_wpcf7_version\" value=\"6.1.5\" \/><input type=\"hidden\" name=\"_wpcf7_locale\" value=\"es_ES\" \/><input type=\"hidden\" name=\"_wpcf7_unit_tag\" value=\"wpcf7-f18025-o1\" \/><input type=\"hidden\" name=\"_wpcf7_container_post\" value=\"0\" \/><input type=\"hidden\" name=\"_wpcf7_posted_data_hash\" value=\"\" \/>\n<\/fieldset>\n<p><label>\n\t\t<font size=4> Nombre y Apellido \/ Empresa (*)\n <span class=\"wpcf7-form-control-wrap\" data-name=\"your-name\"><input size=\"40\" maxlength=\"400\" class=\"wpcf7-form-control wpcf7-text wpcf7-validates-as-required\" aria-required=\"true\" aria-invalid=\"false\" value=\"\" type=\"text\" name=\"your-name\" \/><\/span>\n\t\t<\/font><\/label>\n<\/p>\n<p><label>\n\t\t<font size=4> Tel\u00e9fono (*)\n <span class=\"wpcf7-form-control-wrap\" data-name=\"telefono\"><input size=\"40\" maxlength=\"400\" class=\"wpcf7-form-control wpcf7-tel wpcf7-validates-as-required wpcf7-text wpcf7-validates-as-tel\" aria-required=\"true\" aria-invalid=\"false\" value=\"\" type=\"tel\" name=\"telefono\" \/><\/span>\n\t\t<\/font><\/label>\n<\/p>\n<p><label>\n\t\t<font size=4> Correo electr\u00f3nico (*)\n <span class=\"wpcf7-form-control-wrap\" data-name=\"your-email\"><input size=\"40\" maxlength=\"400\" class=\"wpcf7-form-control wpcf7-email wpcf7-validates-as-required wpcf7-text wpcf7-validates-as-email\" aria-required=\"true\" aria-invalid=\"false\" value=\"\" type=\"email\" name=\"your-email\" \/><\/span>\n\t\t<\/font><\/label>\n<\/p>\n<p><label>\n\t\t<font size=4> Asunto\n <span class=\"wpcf7-form-control-wrap\" data-name=\"your-subject\"><input size=\"40\" maxlength=\"400\" class=\"wpcf7-form-control wpcf7-text\" aria-invalid=\"false\" value=\"\" type=\"text\" name=\"your-subject\" \/><\/span>\n\t\t<\/font><\/label>\n<\/p>\n<p><label>\n\t\t<font size=4> Mensaje\n <span class=\"wpcf7-form-control-wrap\" data-name=\"your-message\"><textarea cols=\"40\" rows=\"10\" maxlength=\"2000\" class=\"wpcf7-form-control wpcf7-textarea\" aria-invalid=\"false\" name=\"your-message\"><\/textarea><\/span>\n\t\t<\/font><\/label>\n<\/p>\n<p><div class=\"gglcptch gglcptch_v2\"><div id=\"gglcptch_recaptcha_4258969150\" class=\"gglcptch_recaptcha\"><\/div>\n\t\t\t\t<noscript>\n\t\t\t\t\t<div style=\"width: 302px;\">\n\t\t\t\t\t\t<div style=\"width: 302px; height: 422px; position: relative;\">\n\t\t\t\t\t\t\t<div style=\"width: 302px; height: 422px; position: absolute;\">\n\t\t\t\t\t\t\t\t<iframe src=\"https:\/\/www.google.com\/recaptcha\/api\/fallback?k=6LeMXCgrAAAAAHe0n3wJGKDRicEAcqq5fwAzde7M\" frameborder=\"0\" scrolling=\"no\" style=\"width: 302px; height:422px; border-style: none;\"><\/iframe>\n\t\t\t\t\t\t\t<\/div>\n\t\t\t\t\t\t<\/div>\n\t\t\t\t\t\t<div style=\"border-style: none; bottom: 12px; left: 25px; margin: 0px; padding: 0px; right: 25px; background: #f9f9f9; border: 1px solid #c1c1c1; border-radius: 3px; height: 60px; width: 300px;\">\n\t\t\t\t\t\t\t<input type=\"hidden\" id=\"g-recaptcha-response\" name=\"g-recaptcha-response\" class=\"g-recaptcha-response\" style=\"width: 250px !important; height: 40px !important; border: 1px solid #c1c1c1 !important; margin: 10px 25px !important; padding: 0px !important; resize: none !important;\">\n\t\t\t\t\t\t<\/div>\n\t\t\t\t\t<\/div>\n\t\t\t\t<\/noscript><\/div><br \/>\n<input class=\"wpcf7-form-control wpcf7-submit has-spinner\" type=\"submit\" value=\"Enviar\" \/>\n<\/p><p style=\"display: none !important;\" class=\"akismet-fields-container\" data-prefix=\"_wpcf7_ak_\"><label>&#916;<textarea name=\"_wpcf7_ak_hp_textarea\" cols=\"45\" rows=\"8\" maxlength=\"100\"><\/textarea><\/label><input type=\"hidden\" id=\"ak_js_1\" name=\"_wpcf7_ak_js\" value=\"221\"\/><script type=\"text\/javascript\">\n\/* <![CDATA[ *\/\ndocument.getElementById( \"ak_js_1\" ).setAttribute( \"value\", ( new Date() ).getTime() );\n\/* ]]> *\/\n<\/script>\n<\/p><div class=\"wpcf7-response-output\" aria-hidden=\"true\"><\/div>\n<\/form>\n<\/div>\n\r\n<h2>Nuestra <strong>Ubicaci\u00f3n<\/strong><\/h2>\r\n<p><iframe src=\"https:\/\/maps.google.com\/maps?q=Mendoza+865%2C+El+Tr%C3%A9bol%2C+Argentina&amp;iwloc=near&amp;output=embed\" height=\"480\" frameborder=\"0\"><\/iframe><\/p>\r\n<\/div><!-- .vgblk-rw-wrapper -->","protected":false},"excerpt":{"rendered":"<p>Ll\u00e1menoso complete el formulario + 54 03401 420140 Tel\u00e9fono de contacto Horario Lunes a Viernes:\u00a0 9:00 &#8211; 17:00 hs Direcci\u00f3n Mendoza 865, El Tr\u00e9bol (Sta. Fe) &#8211; Argentina Nuestra Ubicaci\u00f3n<\/p>","protected":false},"author":4,"featured_media":0,"parent":0,"menu_order":0,"comment_status":"closed","ping_status":"open","template":"","meta":{"inline_featured_image":false,"footnotes":""},"class_list":["post-11412","page","type-page","status-publish","hentry"],"yoast_head":"<!-- This site is optimized with the Yoast SEO plugin v27.4 - https:\/\/yoast.com\/product\/yoast-seo-wordpress\/ -->\n<title>Contacto -<\/title>\n<meta name=\"description\" content=\"Contacto Medelinox. Maquinas y equipos para producci\u00f3n de cerveza, chocolate, dulce de leche y helados. Aplicamos ingenier\u00eda y tecnolog\u00eda 4.0.\" \/>\n<meta name=\"robots\" content=\"index, follow, max-snippet:-1, max-image-preview:large, max-video-preview:-1\" \/>\n<link rel=\"canonical\" href=\"https:\/\/medelinox.com\/en\/contacto\/\" \/>\n<meta property=\"og:locale\" content=\"en_US\" \/>\n<meta property=\"og:type\" content=\"article\" \/>\n<meta property=\"og:title\" content=\"Contacto medelinox\" \/>\n<meta property=\"og:description\" content=\"Contacto Medelinox. Maquinas y equipos para producci\u00f3n de cerveza, chocolate, dulce de leche y helados. Aplicamos ingenier\u00eda y tecnolog\u00eda 4.0.\" \/>\n<meta property=\"og:url\" content=\"https:\/\/medelinox.com\/en\/contacto\/\" \/>\n<meta property=\"article:modified_time\" content=\"2025-04-29T13:11:06+00:00\" \/>\n<meta property=\"og:image\" content=\"https:\/\/medelinox.com\/wp-content\/uploads\/2024\/02\/37.png\" \/>\n\t<meta property=\"og:image:width\" content=\"500\" \/>\n\t<meta property=\"og:image:height\" content=\"500\" \/>\n\t<meta property=\"og:image:type\" content=\"image\/png\" \/>\n<meta name=\"twitter:card\" content=\"summary_large_image\" \/>\n<meta name=\"twitter:label1\" content=\"Est. reading time\" \/>\n\t<meta name=\"twitter:data1\" content=\"1 minute\" \/>\n<script type=\"application\/ld+json\" class=\"yoast-schema-graph\">{\"@context\":\"https:\\\/\\\/schema.org\",\"@graph\":[{\"@type\":\"WebPage\",\"@id\":\"https:\\\/\\\/medelinox.com\\\/contacto\\\/\",\"url\":\"https:\\\/\\\/medelinox.com\\\/contacto\\\/\",\"name\":\"Contacto -\",\"isPartOf\":{\"@id\":\"https:\\\/\\\/medelinox.com\\\/#website\"},\"datePublished\":\"2016-12-05T16:27:47+00:00\",\"dateModified\":\"2025-04-29T13:11:06+00:00\",\"description\":\"Contacto Medelinox. Maquinas y equipos para producci\u00f3n de cerveza, chocolate, dulce de leche y helados. Aplicamos ingenier\u00eda y tecnolog\u00eda 4.0.\",\"breadcrumb\":{\"@id\":\"https:\\\/\\\/medelinox.com\\\/contacto\\\/#breadcrumb\"},\"inLanguage\":\"en-US\",\"potentialAction\":[{\"@type\":\"ReadAction\",\"target\":[\"https:\\\/\\\/medelinox.com\\\/contacto\\\/\"]}]},{\"@type\":\"BreadcrumbList\",\"@id\":\"https:\\\/\\\/medelinox.com\\\/contacto\\\/#breadcrumb\",\"itemListElement\":[{\"@type\":\"ListItem\",\"position\":1,\"name\":\"Portada\",\"item\":\"https:\\\/\\\/medelinox.com\\\/\"},{\"@type\":\"ListItem\",\"position\":2,\"name\":\"Contacto\"}]},{\"@type\":\"WebSite\",\"@id\":\"https:\\\/\\\/medelinox.com\\\/#website\",\"url\":\"https:\\\/\\\/medelinox.com\\\/\",\"name\":\"Medelinox\",\"description\":\"\",\"publisher\":{\"@id\":\"https:\\\/\\\/medelinox.com\\\/#organization\"},\"potentialAction\":[{\"@type\":\"SearchAction\",\"target\":{\"@type\":\"EntryPoint\",\"urlTemplate\":\"https:\\\/\\\/medelinox.com\\\/?s={search_term_string}\"},\"query-input\":{\"@type\":\"PropertyValueSpecification\",\"valueRequired\":true,\"valueName\":\"search_term_string\"}}],\"inLanguage\":\"en-US\"},{\"@type\":\"Organization\",\"@id\":\"https:\\\/\\\/medelinox.com\\\/#organization\",\"name\":\"Medelinox.com\",\"url\":\"https:\\\/\\\/medelinox.com\\\/\",\"logo\":{\"@type\":\"ImageObject\",\"inLanguage\":\"en-US\",\"@id\":\"https:\\\/\\\/medelinox.com\\\/#\\\/schema\\\/logo\\\/image\\\/\",\"url\":\"https:\\\/\\\/medelinox.com\\\/wp-content\\\/uploads\\\/2020\\\/06\\\/cropped-logoweb-naranja-png.png\",\"contentUrl\":\"https:\\\/\\\/medelinox.com\\\/wp-content\\\/uploads\\\/2020\\\/06\\\/cropped-logoweb-naranja-png.png\",\"width\":234,\"height\":106,\"caption\":\"Medelinox.com\"},\"image\":{\"@id\":\"https:\\\/\\\/medelinox.com\\\/#\\\/schema\\\/logo\\\/image\\\/\"}}]}<\/script>\n<!-- \/ Yoast SEO plugin. -->","yoast_head_json":{"title":"Contacto -","description":"Contacto Medelinox. Maquinas y equipos para producci\u00f3n de cerveza, chocolate, dulce de leche y helados. Aplicamos ingenier\u00eda y tecnolog\u00eda 4.0.","robots":{"index":"index","follow":"follow","max-snippet":"max-snippet:-1","max-image-preview":"max-image-preview:large","max-video-preview":"max-video-preview:-1"},"canonical":"https:\/\/medelinox.com\/en\/contacto\/","og_locale":"en_US","og_type":"article","og_title":"Contacto medelinox","og_description":"Contacto Medelinox. Maquinas y equipos para producci\u00f3n de cerveza, chocolate, dulce de leche y helados. Aplicamos ingenier\u00eda y tecnolog\u00eda 4.0.","og_url":"https:\/\/medelinox.com\/en\/contacto\/","article_modified_time":"2025-04-29T13:11:06+00:00","og_image":[{"width":500,"height":500,"url":"https:\/\/medelinox.com\/wp-content\/uploads\/2024\/02\/37.png","type":"image\/png"}],"twitter_card":"summary_large_image","twitter_misc":{"Est. reading time":"1 minute"},"schema":{"@context":"https:\/\/schema.org","@graph":[{"@type":"WebPage","@id":"https:\/\/medelinox.com\/contacto\/","url":"https:\/\/medelinox.com\/contacto\/","name":"Contacto -","isPartOf":{"@id":"https:\/\/medelinox.com\/#website"},"datePublished":"2016-12-05T16:27:47+00:00","dateModified":"2025-04-29T13:11:06+00:00","description":"Contacto Medelinox. Maquinas y equipos para producci\u00f3n de cerveza, chocolate, dulce de leche y helados. Aplicamos ingenier\u00eda y tecnolog\u00eda 4.0.","breadcrumb":{"@id":"https:\/\/medelinox.com\/contacto\/#breadcrumb"},"inLanguage":"en-US","potentialAction":[{"@type":"ReadAction","target":["https:\/\/medelinox.com\/contacto\/"]}]},{"@type":"BreadcrumbList","@id":"https:\/\/medelinox.com\/contacto\/#breadcrumb","itemListElement":[{"@type":"ListItem","position":1,"name":"Portada","item":"https:\/\/medelinox.com\/"},{"@type":"ListItem","position":2,"name":"Contacto"}]},{"@type":"WebSite","@id":"https:\/\/medelinox.com\/#website","url":"https:\/\/medelinox.com\/","name":"Medelinox","description":"","publisher":{"@id":"https:\/\/medelinox.com\/#organization"},"potentialAction":[{"@type":"SearchAction","target":{"@type":"EntryPoint","urlTemplate":"https:\/\/medelinox.com\/?s={search_term_string}"},"query-input":{"@type":"PropertyValueSpecification","valueRequired":true,"valueName":"search_term_string"}}],"inLanguage":"en-US"},{"@type":"Organization","@id":"https:\/\/medelinox.com\/#organization","name":"Medelinox.com","url":"https:\/\/medelinox.com\/","logo":{"@type":"ImageObject","inLanguage":"en-US","@id":"https:\/\/medelinox.com\/#\/schema\/logo\/image\/","url":"https:\/\/medelinox.com\/wp-content\/uploads\/2020\/06\/cropped-logoweb-naranja-png.png","contentUrl":"https:\/\/medelinox.com\/wp-content\/uploads\/2020\/06\/cropped-logoweb-naranja-png.png","width":234,"height":106,"caption":"Medelinox.com"},"image":{"@id":"https:\/\/medelinox.com\/#\/schema\/logo\/image\/"}}]}},"_links":{"self":[{"href":"https:\/\/medelinox.com\/en\/wp-json\/wp\/v2\/pages\/11412","targetHints":{"allow":["GET"]}}],"collection":[{"href":"https:\/\/medelinox.com\/en\/wp-json\/wp\/v2\/pages"}],"about":[{"href":"https:\/\/medelinox.com\/en\/wp-json\/wp\/v2\/types\/page"}],"author":[{"embeddable":true,"href":"https:\/\/medelinox.com\/en\/wp-json\/wp\/v2\/users\/4"}],"replies":[{"embeddable":true,"href":"https:\/\/medelinox.com\/en\/wp-json\/wp\/v2\/comments?post=11412"}],"version-history":[{"count":0,"href":"https:\/\/medelinox.com\/en\/wp-json\/wp\/v2\/pages\/11412\/revisions"}],"wp:attachment":[{"href":"https:\/\/medelinox.com\/en\/wp-json\/wp\/v2\/media?parent=11412"}],"curies":[{"name":"wp","href":"https:\/\/api.w.org\/{rel}","templated":true}]}}