{"id":12176,"date":"2017-04-21T10:20:39","date_gmt":"2017-04-21T10:20:39","guid":{"rendered":"https:\/\/nex.vamtam.com\/?page_id=12176"},"modified":"2020-10-20T10:01:03","modified_gmt":"2020-10-20T13:01:03","slug":"nuestro-enfoque","status":"publish","type":"page","link":"https:\/\/medelinox.com\/en\/nuestro-enfoque\/","title":{"rendered":"Our focus"},"content":{"rendered":"<div class=\"vgblk-rw-wrapper limit-wrapper\"><h2>\n\tAnalysis <br><b>&amp; Scope<\/b><\/br>\n\t<\/h2>\n\t<p>We provide you with competent and consistent support during the evaluation of your investment. We cooperate closely with you, we will select, from a wide variety of possible options, the most technologically and economically effective variant, we will plan the project and execute it.<\/p>\n<h2>\n\tDesign of the<br \/><strong>Project<\/strong>\n\t<\/h2>\n\t<p>We work with the client from the beginning, with a distinctive understanding of their needs, and sharing our knowledge in order to achieve the best results. We design the most suitable plant configuration, with the appropriate equipment to maximize efficiency and operability in a safe work environment.<\/p>\n<p>&nbsp;<\/p>\n<h2>\n\tPhase of<br \/><strong>Details<\/strong>\n\t<\/h2>\n\tPreliminary planning of the construction work, tentative schedule of the project.<br \/>\nPreliminary planning of the construction work, tentative schedule of the project.\n<p>Elaboration of 3D views and provisional and initial productive layout. Energy concept. Calendar settings. Complementary services.<\/p>\n<h2>\n\tPhase of <br><b>Production<\/b><\/br>\n\t<\/h2>\n\t<p>We materialize the entire projection with productive quality, under the implementation of ISO9001: 2015 standards.<\/p>\n<p>We have highly qualified personnel, state-of-the-art machinery and management systems to organize processes, providing our clients with traceability during all stages of the work.<\/p>\n<h2>\n\tTesting &amp;<br><b>Evaluation<\/b><\/br>\n\t<\/h2>\n\t<p>The evaluation phase involves testing the project against the original technical specifications. Quality assurance testing and testing, acceptance testing, and analysis are performed to see how equipment performs in a variety of technical environments.<\/p>\n<\/div><!-- .vgblk-rw-wrapper -->","protected":false},"excerpt":{"rendered":"<p>An\u00e1lisis &amp; Alcance Le brindamos apoyo competente y coherente durante la evaluaci\u00f3n de su inversi\u00f3n. Cooperamos estrechamente con usted, seleccionaremos, entre una gran variedad de posibles opciones, la variante tecnol\u00f3gica y econ\u00f3micamente m\u00e1s efectiva, planificaremos el proyecto y lo ejecutaremos. Dise\u00f1o delProyecto Trabajamos con el cliente desde el principio, con una comprensi\u00f3n distintiva de sus&#8230;<\/p>","protected":false},"author":4,"featured_media":0,"parent":0,"menu_order":0,"comment_status":"closed","ping_status":"open","template":"","meta":{"inline_featured_image":false,"footnotes":""},"class_list":["post-12176","page","type-page","status-publish","hentry"],"yoast_head":"<!-- This site is optimized with the Yoast SEO plugin v27.4 - https:\/\/yoast.com\/product\/yoast-seo-wordpress\/ -->\n<title>Nuestro Enfoque -<\/title>\n<meta name=\"robots\" content=\"index, follow, max-snippet:-1, max-image-preview:large, max-video-preview:-1\" \/>\n<link rel=\"canonical\" href=\"https:\/\/medelinox.com\/en\/nuestro-enfoque\/\" \/>\n<meta property=\"og:locale\" content=\"en_US\" \/>\n<meta property=\"og:type\" content=\"article\" \/>\n<meta property=\"og:title\" content=\"Nuestro Enfoque -\" \/>\n<meta property=\"og:description\" content=\"An\u00e1lisis &amp; Alcance Le brindamos apoyo competente y coherente durante la evaluaci\u00f3n de su inversi\u00f3n. Cooperamos estrechamente con usted, seleccionaremos, entre una gran variedad de posibles opciones, la variante tecnol\u00f3gica y econ\u00f3micamente m\u00e1s efectiva, planificaremos el proyecto y lo ejecutaremos. Dise\u00f1o delProyecto Trabajamos con el cliente desde el principio, con una comprensi\u00f3n distintiva de sus...\" \/>\n<meta property=\"og:url\" content=\"https:\/\/medelinox.com\/en\/nuestro-enfoque\/\" \/>\n<meta property=\"article:modified_time\" content=\"2020-10-20T13:01:03+00:00\" \/>\n<meta name=\"twitter:card\" content=\"summary_large_image\" \/>\n<meta name=\"twitter:label1\" content=\"Est. reading time\" \/>\n\t<meta name=\"twitter:data1\" content=\"1 minute\" \/>\n<script type=\"application\/ld+json\" class=\"yoast-schema-graph\">{\"@context\":\"https:\\\/\\\/schema.org\",\"@graph\":[{\"@type\":\"WebPage\",\"@id\":\"https:\\\/\\\/medelinox.com\\\/nuestro-enfoque\\\/\",\"url\":\"https:\\\/\\\/medelinox.com\\\/nuestro-enfoque\\\/\",\"name\":\"Nuestro Enfoque -\",\"isPartOf\":{\"@id\":\"https:\\\/\\\/medelinox.com\\\/#website\"},\"datePublished\":\"2017-04-21T10:20:39+00:00\",\"dateModified\":\"2020-10-20T13:01:03+00:00\",\"breadcrumb\":{\"@id\":\"https:\\\/\\\/medelinox.com\\\/nuestro-enfoque\\\/#breadcrumb\"},\"inLanguage\":\"en-US\",\"potentialAction\":[{\"@type\":\"ReadAction\",\"target\":[\"https:\\\/\\\/medelinox.com\\\/nuestro-enfoque\\\/\"]}]},{\"@type\":\"BreadcrumbList\",\"@id\":\"https:\\\/\\\/medelinox.com\\\/nuestro-enfoque\\\/#breadcrumb\",\"itemListElement\":[{\"@type\":\"ListItem\",\"position\":1,\"name\":\"Portada\",\"item\":\"https:\\\/\\\/medelinox.com\\\/\"},{\"@type\":\"ListItem\",\"position\":2,\"name\":\"Nuestro Enfoque\"}]},{\"@type\":\"WebSite\",\"@id\":\"https:\\\/\\\/medelinox.com\\\/#website\",\"url\":\"https:\\\/\\\/medelinox.com\\\/\",\"name\":\"Medelinox\",\"description\":\"\",\"publisher\":{\"@id\":\"https:\\\/\\\/medelinox.com\\\/#organization\"},\"potentialAction\":[{\"@type\":\"SearchAction\",\"target\":{\"@type\":\"EntryPoint\",\"urlTemplate\":\"https:\\\/\\\/medelinox.com\\\/?s={search_term_string}\"},\"query-input\":{\"@type\":\"PropertyValueSpecification\",\"valueRequired\":true,\"valueName\":\"search_term_string\"}}],\"inLanguage\":\"en-US\"},{\"@type\":\"Organization\",\"@id\":\"https:\\\/\\\/medelinox.com\\\/#organization\",\"name\":\"Medelinox.com\",\"url\":\"https:\\\/\\\/medelinox.com\\\/\",\"logo\":{\"@type\":\"ImageObject\",\"inLanguage\":\"en-US\",\"@id\":\"https:\\\/\\\/medelinox.com\\\/#\\\/schema\\\/logo\\\/image\\\/\",\"url\":\"https:\\\/\\\/medelinox.com\\\/wp-content\\\/uploads\\\/2020\\\/06\\\/cropped-logoweb-naranja-png.png\",\"contentUrl\":\"https:\\\/\\\/medelinox.com\\\/wp-content\\\/uploads\\\/2020\\\/06\\\/cropped-logoweb-naranja-png.png\",\"width\":234,\"height\":106,\"caption\":\"Medelinox.com\"},\"image\":{\"@id\":\"https:\\\/\\\/medelinox.com\\\/#\\\/schema\\\/logo\\\/image\\\/\"}}]}<\/script>\n<!-- \/ Yoast SEO plugin. -->","yoast_head_json":{"title":"Nuestro Enfoque -","robots":{"index":"index","follow":"follow","max-snippet":"max-snippet:-1","max-image-preview":"max-image-preview:large","max-video-preview":"max-video-preview:-1"},"canonical":"https:\/\/medelinox.com\/en\/nuestro-enfoque\/","og_locale":"en_US","og_type":"article","og_title":"Nuestro Enfoque -","og_description":"An\u00e1lisis &amp; Alcance Le brindamos apoyo competente y coherente durante la evaluaci\u00f3n de su inversi\u00f3n. Cooperamos estrechamente con usted, seleccionaremos, entre una gran variedad de posibles opciones, la variante tecnol\u00f3gica y econ\u00f3micamente m\u00e1s efectiva, planificaremos el proyecto y lo ejecutaremos. Dise\u00f1o delProyecto Trabajamos con el cliente desde el principio, con una comprensi\u00f3n distintiva de sus...","og_url":"https:\/\/medelinox.com\/en\/nuestro-enfoque\/","article_modified_time":"2020-10-20T13:01:03+00:00","twitter_card":"summary_large_image","twitter_misc":{"Est. reading time":"1 minute"},"schema":{"@context":"https:\/\/schema.org","@graph":[{"@type":"WebPage","@id":"https:\/\/medelinox.com\/nuestro-enfoque\/","url":"https:\/\/medelinox.com\/nuestro-enfoque\/","name":"Nuestro Enfoque -","isPartOf":{"@id":"https:\/\/medelinox.com\/#website"},"datePublished":"2017-04-21T10:20:39+00:00","dateModified":"2020-10-20T13:01:03+00:00","breadcrumb":{"@id":"https:\/\/medelinox.com\/nuestro-enfoque\/#breadcrumb"},"inLanguage":"en-US","potentialAction":[{"@type":"ReadAction","target":["https:\/\/medelinox.com\/nuestro-enfoque\/"]}]},{"@type":"BreadcrumbList","@id":"https:\/\/medelinox.com\/nuestro-enfoque\/#breadcrumb","itemListElement":[{"@type":"ListItem","position":1,"name":"Portada","item":"https:\/\/medelinox.com\/"},{"@type":"ListItem","position":2,"name":"Nuestro Enfoque"}]},{"@type":"WebSite","@id":"https:\/\/medelinox.com\/#website","url":"https:\/\/medelinox.com\/","name":"Medelinox","description":"","publisher":{"@id":"https:\/\/medelinox.com\/#organization"},"potentialAction":[{"@type":"SearchAction","target":{"@type":"EntryPoint","urlTemplate":"https:\/\/medelinox.com\/?s={search_term_string}"},"query-input":{"@type":"PropertyValueSpecification","valueRequired":true,"valueName":"search_term_string"}}],"inLanguage":"en-US"},{"@type":"Organization","@id":"https:\/\/medelinox.com\/#organization","name":"Medelinox.com","url":"https:\/\/medelinox.com\/","logo":{"@type":"ImageObject","inLanguage":"en-US","@id":"https:\/\/medelinox.com\/#\/schema\/logo\/image\/","url":"https:\/\/medelinox.com\/wp-content\/uploads\/2020\/06\/cropped-logoweb-naranja-png.png","contentUrl":"https:\/\/medelinox.com\/wp-content\/uploads\/2020\/06\/cropped-logoweb-naranja-png.png","width":234,"height":106,"caption":"Medelinox.com"},"image":{"@id":"https:\/\/medelinox.com\/#\/schema\/logo\/image\/"}}]}},"_links":{"self":[{"href":"https:\/\/medelinox.com\/en\/wp-json\/wp\/v2\/pages\/12176","targetHints":{"allow":["GET"]}}],"collection":[{"href":"https:\/\/medelinox.com\/en\/wp-json\/wp\/v2\/pages"}],"about":[{"href":"https:\/\/medelinox.com\/en\/wp-json\/wp\/v2\/types\/page"}],"author":[{"embeddable":true,"href":"https:\/\/medelinox.com\/en\/wp-json\/wp\/v2\/users\/4"}],"replies":[{"embeddable":true,"href":"https:\/\/medelinox.com\/en\/wp-json\/wp\/v2\/comments?post=12176"}],"version-history":[{"count":0,"href":"https:\/\/medelinox.com\/en\/wp-json\/wp\/v2\/pages\/12176\/revisions"}],"wp:attachment":[{"href":"https:\/\/medelinox.com\/en\/wp-json\/wp\/v2\/media?parent=12176"}],"curies":[{"name":"wp","href":"https:\/\/api.w.org\/{rel}","templated":true}]}}