{"id":13345,"date":"2017-07-31T12:54:58","date_gmt":"2017-07-31T12:54:58","guid":{"rendered":"https:\/\/nex.vamtam.com\/?page_id=13345"},"modified":"2020-10-01T18:53:20","modified_gmt":"2020-10-01T18:53:20","slug":"empresa","status":"publish","type":"page","link":"https:\/\/medelinox.com\/en\/empresa\/","title":{"rendered":"Company"},"content":{"rendered":"<div class=\"vgblk-rw-wrapper limit-wrapper\">\r\n<h3>History<\/h3>\r\n<p>Medelinox is the result of a future and common vision of two people who decided to risk dreaming back in 1988, basing its name on its main objective: \u00abMetal\u00fargica del Inoiesel\u00bb ... over the years the challenge began to grow and the demands at your side. Despite this, the production line continued to operate and improve day by day.<\/p>\r\n<h3>Vision &amp;  Mission<\/h3>\r\n<p>Manufacture machines and equipment with unique characteristics for the food industry. And consolidate Medelinox as a globally recognized company based on its strength of human and professional capital.<\/p>\r\n<h3>Values<\/h3>\r\n<ul>\r\n<li>Social Commitment<\/li>\r\n<li>Dedication<\/li>\r\n<li>Quality<\/li>\r\n<li>Corporate culture<\/li>\r\n<li>Trust<\/li>\r\n<\/ul>\r\n<h3>Leadership<\/h3>\r\n<p>Medelinox is a company with more than 30 years of experience, and a consolidated leadership, based on its human and professional capital.<\/p>\r\n<p>Committed day by day with the mission and its fundamental values, exercising leadership with great responsibility, commitment and passion.<\/p>\r\n<\/div><!-- .vgblk-rw-wrapper -->","protected":false},"excerpt":{"rendered":"<p>Historia Medelinox es el resultado de una visi\u00f3n futura y com\u00fan de dos personas que decidieron arriesgarse a so\u00f1ar all\u00e1 por el a\u00f1o 1988, basando su nombre es su principal objetivo: \u00abMetal\u00fargica del Inoxidable\u00bb\u2026 con el paso de los a\u00f1os el desaf\u00edo comenz\u00f3 a crecer y las exigencias a su lado. A pesar de esto&#8230;<\/p>","protected":false},"author":4,"featured_media":0,"parent":0,"menu_order":0,"comment_status":"closed","ping_status":"open","template":"","meta":{"inline_featured_image":false,"footnotes":""},"class_list":["post-13345","page","type-page","status-publish","hentry"],"yoast_head":"<!-- This site is optimized with the Yoast SEO plugin v27.4 - https:\/\/yoast.com\/product\/yoast-seo-wordpress\/ -->\n<title>Empresa -<\/title>\n<meta name=\"robots\" content=\"index, follow, max-snippet:-1, max-image-preview:large, max-video-preview:-1\" \/>\n<link rel=\"canonical\" href=\"https:\/\/medelinox.com\/en\/empresa\/\" \/>\n<meta property=\"og:locale\" content=\"en_US\" \/>\n<meta property=\"og:type\" content=\"article\" \/>\n<meta property=\"og:title\" content=\"Empresa -\" \/>\n<meta property=\"og:description\" content=\"Historia Medelinox es el resultado de una visi\u00f3n futura y com\u00fan de dos personas que decidieron arriesgarse a so\u00f1ar all\u00e1 por el a\u00f1o 1988, basando su nombre es su principal objetivo: \u00abMetal\u00fargica del Inoxidable\u00bb\u2026 con el paso de los a\u00f1os el desaf\u00edo comenz\u00f3 a crecer y las exigencias a su lado. A pesar de esto...\" \/>\n<meta property=\"og:url\" content=\"https:\/\/medelinox.com\/en\/empresa\/\" \/>\n<meta property=\"article:modified_time\" content=\"2020-10-01T18:53:20+00:00\" \/>\n<meta name=\"twitter:card\" content=\"summary_large_image\" \/>\n<meta name=\"twitter:label1\" content=\"Est. reading time\" \/>\n\t<meta name=\"twitter:data1\" content=\"1 minute\" \/>\n<script type=\"application\/ld+json\" class=\"yoast-schema-graph\">{\"@context\":\"https:\\\/\\\/schema.org\",\"@graph\":[{\"@type\":\"WebPage\",\"@id\":\"https:\\\/\\\/medelinox.com\\\/empresa\\\/\",\"url\":\"https:\\\/\\\/medelinox.com\\\/empresa\\\/\",\"name\":\"Empresa -\",\"isPartOf\":{\"@id\":\"https:\\\/\\\/medelinox.com\\\/#website\"},\"datePublished\":\"2017-07-31T12:54:58+00:00\",\"dateModified\":\"2020-10-01T18:53:20+00:00\",\"breadcrumb\":{\"@id\":\"https:\\\/\\\/medelinox.com\\\/empresa\\\/#breadcrumb\"},\"inLanguage\":\"en-US\",\"potentialAction\":[{\"@type\":\"ReadAction\",\"target\":[\"https:\\\/\\\/medelinox.com\\\/empresa\\\/\"]}]},{\"@type\":\"BreadcrumbList\",\"@id\":\"https:\\\/\\\/medelinox.com\\\/empresa\\\/#breadcrumb\",\"itemListElement\":[{\"@type\":\"ListItem\",\"position\":1,\"name\":\"Portada\",\"item\":\"https:\\\/\\\/medelinox.com\\\/\"},{\"@type\":\"ListItem\",\"position\":2,\"name\":\"Empresa\"}]},{\"@type\":\"WebSite\",\"@id\":\"https:\\\/\\\/medelinox.com\\\/#website\",\"url\":\"https:\\\/\\\/medelinox.com\\\/\",\"name\":\"Medelinox\",\"description\":\"\",\"publisher\":{\"@id\":\"https:\\\/\\\/medelinox.com\\\/#organization\"},\"potentialAction\":[{\"@type\":\"SearchAction\",\"target\":{\"@type\":\"EntryPoint\",\"urlTemplate\":\"https:\\\/\\\/medelinox.com\\\/?s={search_term_string}\"},\"query-input\":{\"@type\":\"PropertyValueSpecification\",\"valueRequired\":true,\"valueName\":\"search_term_string\"}}],\"inLanguage\":\"en-US\"},{\"@type\":\"Organization\",\"@id\":\"https:\\\/\\\/medelinox.com\\\/#organization\",\"name\":\"Medelinox.com\",\"url\":\"https:\\\/\\\/medelinox.com\\\/\",\"logo\":{\"@type\":\"ImageObject\",\"inLanguage\":\"en-US\",\"@id\":\"https:\\\/\\\/medelinox.com\\\/#\\\/schema\\\/logo\\\/image\\\/\",\"url\":\"https:\\\/\\\/medelinox.com\\\/wp-content\\\/uploads\\\/2020\\\/06\\\/cropped-logoweb-naranja-png.png\",\"contentUrl\":\"https:\\\/\\\/medelinox.com\\\/wp-content\\\/uploads\\\/2020\\\/06\\\/cropped-logoweb-naranja-png.png\",\"width\":234,\"height\":106,\"caption\":\"Medelinox.com\"},\"image\":{\"@id\":\"https:\\\/\\\/medelinox.com\\\/#\\\/schema\\\/logo\\\/image\\\/\"}}]}<\/script>\n<!-- \/ Yoast SEO plugin. -->","yoast_head_json":{"title":"Empresa -","robots":{"index":"index","follow":"follow","max-snippet":"max-snippet:-1","max-image-preview":"max-image-preview:large","max-video-preview":"max-video-preview:-1"},"canonical":"https:\/\/medelinox.com\/en\/empresa\/","og_locale":"en_US","og_type":"article","og_title":"Empresa -","og_description":"Historia Medelinox es el resultado de una visi\u00f3n futura y com\u00fan de dos personas que decidieron arriesgarse a so\u00f1ar all\u00e1 por el a\u00f1o 1988, basando su nombre es su principal objetivo: \u00abMetal\u00fargica del Inoxidable\u00bb\u2026 con el paso de los a\u00f1os el desaf\u00edo comenz\u00f3 a crecer y las exigencias a su lado. A pesar de esto...","og_url":"https:\/\/medelinox.com\/en\/empresa\/","article_modified_time":"2020-10-01T18:53:20+00:00","twitter_card":"summary_large_image","twitter_misc":{"Est. reading time":"1 minute"},"schema":{"@context":"https:\/\/schema.org","@graph":[{"@type":"WebPage","@id":"https:\/\/medelinox.com\/empresa\/","url":"https:\/\/medelinox.com\/empresa\/","name":"Empresa -","isPartOf":{"@id":"https:\/\/medelinox.com\/#website"},"datePublished":"2017-07-31T12:54:58+00:00","dateModified":"2020-10-01T18:53:20+00:00","breadcrumb":{"@id":"https:\/\/medelinox.com\/empresa\/#breadcrumb"},"inLanguage":"en-US","potentialAction":[{"@type":"ReadAction","target":["https:\/\/medelinox.com\/empresa\/"]}]},{"@type":"BreadcrumbList","@id":"https:\/\/medelinox.com\/empresa\/#breadcrumb","itemListElement":[{"@type":"ListItem","position":1,"name":"Portada","item":"https:\/\/medelinox.com\/"},{"@type":"ListItem","position":2,"name":"Empresa"}]},{"@type":"WebSite","@id":"https:\/\/medelinox.com\/#website","url":"https:\/\/medelinox.com\/","name":"Medelinox","description":"","publisher":{"@id":"https:\/\/medelinox.com\/#organization"},"potentialAction":[{"@type":"SearchAction","target":{"@type":"EntryPoint","urlTemplate":"https:\/\/medelinox.com\/?s={search_term_string}"},"query-input":{"@type":"PropertyValueSpecification","valueRequired":true,"valueName":"search_term_string"}}],"inLanguage":"en-US"},{"@type":"Organization","@id":"https:\/\/medelinox.com\/#organization","name":"Medelinox.com","url":"https:\/\/medelinox.com\/","logo":{"@type":"ImageObject","inLanguage":"en-US","@id":"https:\/\/medelinox.com\/#\/schema\/logo\/image\/","url":"https:\/\/medelinox.com\/wp-content\/uploads\/2020\/06\/cropped-logoweb-naranja-png.png","contentUrl":"https:\/\/medelinox.com\/wp-content\/uploads\/2020\/06\/cropped-logoweb-naranja-png.png","width":234,"height":106,"caption":"Medelinox.com"},"image":{"@id":"https:\/\/medelinox.com\/#\/schema\/logo\/image\/"}}]}},"_links":{"self":[{"href":"https:\/\/medelinox.com\/en\/wp-json\/wp\/v2\/pages\/13345","targetHints":{"allow":["GET"]}}],"collection":[{"href":"https:\/\/medelinox.com\/en\/wp-json\/wp\/v2\/pages"}],"about":[{"href":"https:\/\/medelinox.com\/en\/wp-json\/wp\/v2\/types\/page"}],"author":[{"embeddable":true,"href":"https:\/\/medelinox.com\/en\/wp-json\/wp\/v2\/users\/4"}],"replies":[{"embeddable":true,"href":"https:\/\/medelinox.com\/en\/wp-json\/wp\/v2\/comments?post=13345"}],"version-history":[{"count":0,"href":"https:\/\/medelinox.com\/en\/wp-json\/wp\/v2\/pages\/13345\/revisions"}],"wp:attachment":[{"href":"https:\/\/medelinox.com\/en\/wp-json\/wp\/v2\/media?parent=13345"}],"curies":[{"name":"wp","href":"https:\/\/api.w.org\/{rel}","templated":true}]}}