{"id":23645,"date":"2025-04-01T14:15:07","date_gmt":"2025-04-01T17:15:07","guid":{"rendered":"https:\/\/medelinox.com\/?page_id=23645"},"modified":"2025-06-24T08:08:17","modified_gmt":"2025-06-24T11:08:17","slug":"ingenieria","status":"publish","type":"page","link":"https:\/\/medelinox.com\/en\/ingenieria\/","title":{"rendered":"Ingenieria"},"content":{"rendered":"<div class=\"vgblk-rw-wrapper limit-wrapper\">\n\n\t\t\t\t\t\t\t<img loading=\"lazy\" decoding=\"async\" src=\"https:\/\/medelinox.com\/wp-content\/uploads\/2017\/07\/12.png\" alt=\"12\" itemprop=\"image\" height=\"768\" width=\"1366\" title=\"12\" onerror=\"this.style.display='none'\"  sizes=\"auto, (max-width: 768px) 100vw, 100vw\" srcset=\"https:\/\/medelinox.com\/wp-content\/uploads\/2017\/07\/12.png 1366w, https:\/\/medelinox.com\/wp-content\/uploads\/2017\/07\/12-300x169.png 300w, https:\/\/medelinox.com\/wp-content\/uploads\/2017\/07\/12-1024x576.png 1024w, https:\/\/medelinox.com\/wp-content\/uploads\/2017\/07\/12-18x10.png 18w, https:\/\/medelinox.com\/wp-content\/uploads\/2017\/07\/12-1260x708.png 1260w, https:\/\/medelinox.com\/wp-content\/uploads\/2017\/07\/12-630x354.png 630w, https:\/\/medelinox.com\/wp-content\/uploads\/2017\/07\/12-420x236.png 420w, https:\/\/medelinox.com\/wp-content\/uploads\/2017\/07\/12-768x432.png 768w, https:\/\/medelinox.com\/wp-content\/uploads\/2017\/07\/12-840x472.png 840w, https:\/\/medelinox.com\/wp-content\/uploads\/2017\/07\/12-315x177.png 315w\" \/>\t\t\t\t\t\t\t\n<h2>\n\t\t\tHacia el futuro\t<\/h2>\n\t<p>Buscaremos combinar las aptitudes requeridas por nuestro cliente, y los avances mas recientes logrados por nuestra compa\u00f1\u00eda.<\/p>\n<p>Le brindaremos la posibilidad de conseguir importantes cambios para aumentar los niveles de eficiencia productiva.<\/p>\n\t\t\t<a href=\"https:\/\/youtu.be\/fdb-v1-Qgfg\" target=\"_blank\" rel=\"noopener\">\n\t\t\t\t\t\t\tConocer mas\n\t\t\t<\/a>\n<h2>\n\t\t\tAsistimos y potenciamos todas las areas\t<\/h2>\n\t<p>Trabajamos junto a nuestros clientes con una comprensi\u00f3n distintiva de sus necesidades con el objetivo de seleccionar los equipos adecuados para maximizar la productividad en un entorno de trabajo seguro.<\/p>\n\t\t\t\t\t\t\t<img loading=\"lazy\" decoding=\"async\" src=\"https:\/\/medelinox.com\/wp-content\/uploads\/2025\/04\/Ingenieria-Medelinox-5.jpg\" alt=\"Ingenieria Medelinox (5)\" itemprop=\"image\" height=\"1080\" width=\"1920\" title=\"Ingenieria Medelinox (5)\" onerror=\"this.style.display='none'\"  sizes=\"auto, (max-width: 768px) 100vw, 100vw\" srcset=\"https:\/\/medelinox.com\/wp-content\/uploads\/2025\/04\/Ingenieria-Medelinox-5.jpg 1920w, https:\/\/medelinox.com\/wp-content\/uploads\/2025\/04\/Ingenieria-Medelinox-5-300x169.jpg 300w, https:\/\/medelinox.com\/wp-content\/uploads\/2025\/04\/Ingenieria-Medelinox-5-1024x576.jpg 1024w, https:\/\/medelinox.com\/wp-content\/uploads\/2025\/04\/Ingenieria-Medelinox-5-1536x864.jpg 1536w, https:\/\/medelinox.com\/wp-content\/uploads\/2025\/04\/Ingenieria-Medelinox-5-18x10.jpg 18w, https:\/\/medelinox.com\/wp-content\/uploads\/2025\/04\/Ingenieria-Medelinox-5-1260x709.jpg 1260w, https:\/\/medelinox.com\/wp-content\/uploads\/2025\/04\/Ingenieria-Medelinox-5-630x354.jpg 630w, https:\/\/medelinox.com\/wp-content\/uploads\/2025\/04\/Ingenieria-Medelinox-5-420x236.jpg 420w, https:\/\/medelinox.com\/wp-content\/uploads\/2025\/04\/Ingenieria-Medelinox-5-840x473.jpg 840w, https:\/\/medelinox.com\/wp-content\/uploads\/2025\/04\/Ingenieria-Medelinox-5-315x177.jpg 315w\" \/>\t\t\t\t\t\t\t\n\t<h3>Design<\/h3>\n<p>El Dise\u00f1o previo nos permite entregar certezas y materializaci\u00f3n de objetivos para nuestros clientes a trav\u00e9s de la visualizaci\u00f3n 3D.<\/p>\n\t\t\t\t\t\t\t<img loading=\"lazy\" decoding=\"async\" src=\"https:\/\/medelinox.com\/wp-content\/uploads\/2025\/04\/Ingenieria-Medelinox-3.jpg\" alt=\"Ingenieria Medelinox (3)\" itemprop=\"image\" height=\"1080\" width=\"1920\" title=\"Ingenieria Medelinox (3)\" onerror=\"this.style.display='none'\"  sizes=\"auto, (max-width: 768px) 100vw, 100vw\" srcset=\"https:\/\/medelinox.com\/wp-content\/uploads\/2025\/04\/Ingenieria-Medelinox-3.jpg 1920w, https:\/\/medelinox.com\/wp-content\/uploads\/2025\/04\/Ingenieria-Medelinox-3-300x169.jpg 300w, https:\/\/medelinox.com\/wp-content\/uploads\/2025\/04\/Ingenieria-Medelinox-3-1024x576.jpg 1024w, https:\/\/medelinox.com\/wp-content\/uploads\/2025\/04\/Ingenieria-Medelinox-3-1536x864.jpg 1536w, https:\/\/medelinox.com\/wp-content\/uploads\/2025\/04\/Ingenieria-Medelinox-3-18x10.jpg 18w, https:\/\/medelinox.com\/wp-content\/uploads\/2025\/04\/Ingenieria-Medelinox-3-1260x709.jpg 1260w, https:\/\/medelinox.com\/wp-content\/uploads\/2025\/04\/Ingenieria-Medelinox-3-630x354.jpg 630w, https:\/\/medelinox.com\/wp-content\/uploads\/2025\/04\/Ingenieria-Medelinox-3-420x236.jpg 420w, https:\/\/medelinox.com\/wp-content\/uploads\/2025\/04\/Ingenieria-Medelinox-3-840x473.jpg 840w, https:\/\/medelinox.com\/wp-content\/uploads\/2025\/04\/Ingenieria-Medelinox-3-315x177.jpg 315w\" \/>\t\t\t\t\t\t\t\n\t<h3>Trayectoria<\/h3>\n<p>Ofreceremos una propuesta de valor que vincule nuestros conocimientos obtenidos durante el camino, con los nuevos conceptos propuestos por el mercado.<\/p>\n\t\t\t\t\t\t\t<img loading=\"lazy\" decoding=\"async\" src=\"https:\/\/medelinox.com\/wp-content\/uploads\/2025\/04\/Ingenieria-Medelinox-2.jpg\" alt=\"Ingenieria Medelinox (2)\" itemprop=\"image\" height=\"1080\" width=\"1920\" title=\"Ingenieria Medelinox (2)\" onerror=\"this.style.display='none'\"  sizes=\"auto, (max-width: 768px) 100vw, 100vw\" srcset=\"https:\/\/medelinox.com\/wp-content\/uploads\/2025\/04\/Ingenieria-Medelinox-2.jpg 1920w, https:\/\/medelinox.com\/wp-content\/uploads\/2025\/04\/Ingenieria-Medelinox-2-300x169.jpg 300w, https:\/\/medelinox.com\/wp-content\/uploads\/2025\/04\/Ingenieria-Medelinox-2-1024x576.jpg 1024w, https:\/\/medelinox.com\/wp-content\/uploads\/2025\/04\/Ingenieria-Medelinox-2-1536x864.jpg 1536w, https:\/\/medelinox.com\/wp-content\/uploads\/2025\/04\/Ingenieria-Medelinox-2-18x10.jpg 18w, https:\/\/medelinox.com\/wp-content\/uploads\/2025\/04\/Ingenieria-Medelinox-2-1260x709.jpg 1260w, https:\/\/medelinox.com\/wp-content\/uploads\/2025\/04\/Ingenieria-Medelinox-2-630x354.jpg 630w, https:\/\/medelinox.com\/wp-content\/uploads\/2025\/04\/Ingenieria-Medelinox-2-420x236.jpg 420w, https:\/\/medelinox.com\/wp-content\/uploads\/2025\/04\/Ingenieria-Medelinox-2-840x473.jpg 840w, https:\/\/medelinox.com\/wp-content\/uploads\/2025\/04\/Ingenieria-Medelinox-2-315x177.jpg 315w\" \/>\t\t\t\t\t\t\t\n\t<h3>C\u00e1lculos<\/h3>\n<p>Calcularemos conjuntamente con nuestra red de proveedores, los componentes perfectamente adecuados que aseguren un resultado eficiente.<\/p>\n\t\t\t\t\t\t\t<img loading=\"lazy\" decoding=\"async\" src=\"https:\/\/medelinox.com\/wp-content\/uploads\/2025\/04\/Ingenieria-Medelinox-1.jpg\" alt=\"Ingenieria Medelinox (1)\" itemprop=\"image\" height=\"1080\" width=\"1920\" title=\"Ingenieria Medelinox (1)\" onerror=\"this.style.display='none'\"  sizes=\"auto, (max-width: 768px) 100vw, 100vw\" srcset=\"https:\/\/medelinox.com\/wp-content\/uploads\/2025\/04\/Ingenieria-Medelinox-1.jpg 1920w, https:\/\/medelinox.com\/wp-content\/uploads\/2025\/04\/Ingenieria-Medelinox-1-300x169.jpg 300w, https:\/\/medelinox.com\/wp-content\/uploads\/2025\/04\/Ingenieria-Medelinox-1-1024x576.jpg 1024w, https:\/\/medelinox.com\/wp-content\/uploads\/2025\/04\/Ingenieria-Medelinox-1-1536x864.jpg 1536w, https:\/\/medelinox.com\/wp-content\/uploads\/2025\/04\/Ingenieria-Medelinox-1-18x10.jpg 18w, https:\/\/medelinox.com\/wp-content\/uploads\/2025\/04\/Ingenieria-Medelinox-1-1260x709.jpg 1260w, https:\/\/medelinox.com\/wp-content\/uploads\/2025\/04\/Ingenieria-Medelinox-1-630x354.jpg 630w, https:\/\/medelinox.com\/wp-content\/uploads\/2025\/04\/Ingenieria-Medelinox-1-420x236.jpg 420w, https:\/\/medelinox.com\/wp-content\/uploads\/2025\/04\/Ingenieria-Medelinox-1-840x473.jpg 840w, https:\/\/medelinox.com\/wp-content\/uploads\/2025\/04\/Ingenieria-Medelinox-1-315x177.jpg 315w\" \/>\t\t\t\t\t\t\t\n\t<h3>Fusi\u00f3n<\/h3>\n<p>Buscaremos crear un vinculo \u00fanico, entre la ingenier\u00eda estructural y la tecnolog\u00eda de Software, para brindar soluciones integrales e innovadoras.<\/p>\n\t\t\t\t\t\t\t<img loading=\"lazy\" decoding=\"async\" src=\"https:\/\/medelinox.com\/wp-content\/uploads\/2024\/09\/Banners-automacion-.png\" alt=\"Banners - automacion -\" itemprop=\"image\" height=\"200\" width=\"1366\" title=\"Banners - automacion -\" onerror=\"this.style.display='none'\"  sizes=\"auto, (max-width: 768px) 100vw, 100vw\" srcset=\"https:\/\/medelinox.com\/wp-content\/uploads\/2024\/09\/Banners-automacion-.png 1366w, https:\/\/medelinox.com\/wp-content\/uploads\/2024\/09\/Banners-automacion--300x44.png 300w, https:\/\/medelinox.com\/wp-content\/uploads\/2024\/09\/Banners-automacion--1024x150.png 1024w, https:\/\/medelinox.com\/wp-content\/uploads\/2024\/09\/Banners-automacion--18x3.png 18w, https:\/\/medelinox.com\/wp-content\/uploads\/2024\/09\/Banners-automacion--1260x184.png 1260w, https:\/\/medelinox.com\/wp-content\/uploads\/2024\/09\/Banners-automacion--630x92.png 630w, https:\/\/medelinox.com\/wp-content\/uploads\/2024\/09\/Banners-automacion--420x61.png 420w, https:\/\/medelinox.com\/wp-content\/uploads\/2024\/09\/Banners-automacion--840x123.png 840w, https:\/\/medelinox.com\/wp-content\/uploads\/2024\/09\/Banners-automacion--315x46.png 315w\" \/>\t\t\t\t\t\t\t\n<h2>\n\t\t\tExperiencia de clientes\t<\/h2>\n\t<p>Vincular el trabajo con las emociones es posible&#8230; Trabajar con Medelinox es una experiencia diferente.<\/p>\n\t\t\t<a href=\"https:\/\/medelinox.com\/en\/proyectos-medelinox\/\" target=\"_self\">\n\t\t\t\t\t\t\tProjects\n\t\t\t\t\t<\/a>\n\t<p>Brindamos acompa\u00f1amiento calificado para que nuestros clientes logren actualizar su modalidad de trabajo donde la distancia ya no sea una barrera.<\/p>\n\t<p>Generamos actualizaciones de software en forma constante, entendemos que es un proceso importante para mantener, el rendimiento y la funcionalidad de los equipos.<\/p>\n\t<p>Servicio t\u00e9cnico de bajo costo, permanente, a distancia, fuertemente vinculado, comprometido y orientado hacia el logro de objetivos y mejoras sugeridas.<\/p>\n\t\t\t\t\t\t\t<img loading=\"lazy\" decoding=\"async\" src=\"https:\/\/medelinox.com\/wp-content\/uploads\/2023\/01\/Pruebas-Planta-Evo-Tronic-Medelinox-17-630x420.jpg\" alt=\"Pruebas Planta Evo Tronic Medelinox (17)\" itemprop=\"image\" height=\"420\" width=\"630\" title=\"Pruebas Planta Evo Tronic Medelinox (17)\" onerror=\"this.style.display='none'\"  sizes=\"auto, (max-width: 768px) 100vw, 100vw\" srcset=\"https:\/\/medelinox.com\/wp-content\/uploads\/2023\/01\/Pruebas-Planta-Evo-Tronic-Medelinox-17-630x420.jpg 630w, https:\/\/medelinox.com\/wp-content\/uploads\/2023\/01\/Pruebas-Planta-Evo-Tronic-Medelinox-17-300x200.jpg 300w, https:\/\/medelinox.com\/wp-content\/uploads\/2023\/01\/Pruebas-Planta-Evo-Tronic-Medelinox-17-1024x683.jpg 1024w, https:\/\/medelinox.com\/wp-content\/uploads\/2023\/01\/Pruebas-Planta-Evo-Tronic-Medelinox-17-1536x1024.jpg 1536w, https:\/\/medelinox.com\/wp-content\/uploads\/2023\/01\/Pruebas-Planta-Evo-Tronic-Medelinox-17-18x12.jpg 18w, https:\/\/medelinox.com\/wp-content\/uploads\/2023\/01\/Pruebas-Planta-Evo-Tronic-Medelinox-17-1260x840.jpg 1260w, https:\/\/medelinox.com\/wp-content\/uploads\/2023\/01\/Pruebas-Planta-Evo-Tronic-Medelinox-17-420x280.jpg 420w, https:\/\/medelinox.com\/wp-content\/uploads\/2023\/01\/Pruebas-Planta-Evo-Tronic-Medelinox-17-840x560.jpg 840w, https:\/\/medelinox.com\/wp-content\/uploads\/2023\/01\/Pruebas-Planta-Evo-Tronic-Medelinox-17-315x210.jpg 315w, https:\/\/medelinox.com\/wp-content\/uploads\/2023\/01\/Pruebas-Planta-Evo-Tronic-Medelinox-17.jpg 1800w\" \/>\t\t\t\t\t\t\t\n<h4>\n\t\t\tpruebas de calidad\t<\/h4>\n<h2>\n\t\t\tResultados seguros\t<\/h2>\n\t<p>Avanzaremos actualizando el estado del proyecto en tiempo real a nuestro cliente, y le brindaremos la oportunidad de ver su equipo funcionando al finalizar nuestro trabajo.<\/p>\n<h4>\n\t\t\talcance\t<\/h4>\n<h2>\n\t\t\tMotivados por los nuevos desafios\t<\/h2>\n\t<p>Nuestro equipo de trabajo se encuentra permanentemente a la expectativa de los nuevos desaf\u00edos requeridos por nuestros clientes. Donde surge la necesidad creamos una soluci\u00f3n.<\/p>\n\t\t\t\t\t\t\t<img loading=\"lazy\" decoding=\"async\" src=\"https:\/\/medelinox.com\/wp-content\/uploads\/2020\/10\/ALMACENAMIENTO-MEDELINOX-2.jpg\" alt=\"ALMACENAMIENTO MEDELINOX (2)\" itemprop=\"image\" height=\"528\" width=\"940\" title=\"ALMACENAMIENTO MEDELINOX (2)\" onerror=\"this.style.display='none'\"  sizes=\"auto, (max-width: 768px) 100vw, 100vw\" srcset=\"https:\/\/medelinox.com\/wp-content\/uploads\/2020\/10\/ALMACENAMIENTO-MEDELINOX-2.jpg 940w, https:\/\/medelinox.com\/wp-content\/uploads\/2020\/10\/ALMACENAMIENTO-MEDELINOX-2-300x169.jpg 300w, https:\/\/medelinox.com\/wp-content\/uploads\/2020\/10\/ALMACENAMIENTO-MEDELINOX-2-18x10.jpg 18w, https:\/\/medelinox.com\/wp-content\/uploads\/2020\/10\/ALMACENAMIENTO-MEDELINOX-2-630x354.jpg 630w, https:\/\/medelinox.com\/wp-content\/uploads\/2020\/10\/ALMACENAMIENTO-MEDELINOX-2-420x236.jpg 420w, https:\/\/medelinox.com\/wp-content\/uploads\/2020\/10\/ALMACENAMIENTO-MEDELINOX-2-840x472.jpg 840w, https:\/\/medelinox.com\/wp-content\/uploads\/2020\/10\/ALMACENAMIENTO-MEDELINOX-2-315x177.jpg 315w, https:\/\/medelinox.com\/wp-content\/uploads\/2020\/10\/ALMACENAMIENTO-MEDELINOX-2-20x11.jpg 20w\" \/>\t\t\t\t\t\t\t\n\t\t\t\t\t\t\t<img loading=\"lazy\" decoding=\"async\" src=\"https:\/\/medelinox.com\/wp-content\/uploads\/2022\/03\/Home-Brew-Evo-Tronic-PRO-Medelinox-1-4-scaled.jpg\" alt=\"Home Brew Evo Tronic PRO - Medelinox - 1\" itemprop=\"image\" height=\"1707\" width=\"2560\" title=\"Home Brew Evo Tronic PRO - Medelinox - 1\" onerror=\"this.style.display='none'\"  sizes=\"auto, (max-width: 768px) 100vw, 100vw\"\/>\t\t\t\t\t\t\t\n<h4>\n\t\t\tconectados\t<\/h4>\n<h2>\n\t\t\tSiempre en la vanguardia\t<\/h2>\n\t<p>Conectar nuestros equipos a la red es la fiel representaci\u00f3n de nuestra visi\u00f3n&#8230; Vamos a la cabeza con las innovaciones implementadas en nuestros equipos.<\/p>\n\t\t\t\t\t\t\t<img loading=\"lazy\" decoding=\"async\" src=\"https:\/\/medelinox.com\/wp-content\/uploads\/2025\/04\/Ingenieria-Medelinox-4.jpg\" alt=\"Ingenieria Medelinox (4)\" itemprop=\"image\" height=\"1080\" width=\"1920\" title=\"Ingenieria Medelinox (4)\" onerror=\"this.style.display='none'\"  sizes=\"auto, (max-width: 768px) 100vw, 100vw\" srcset=\"https:\/\/medelinox.com\/wp-content\/uploads\/2025\/04\/Ingenieria-Medelinox-4.jpg 1920w, https:\/\/medelinox.com\/wp-content\/uploads\/2025\/04\/Ingenieria-Medelinox-4-300x169.jpg 300w, https:\/\/medelinox.com\/wp-content\/uploads\/2025\/04\/Ingenieria-Medelinox-4-1024x576.jpg 1024w, https:\/\/medelinox.com\/wp-content\/uploads\/2025\/04\/Ingenieria-Medelinox-4-1536x864.jpg 1536w, https:\/\/medelinox.com\/wp-content\/uploads\/2025\/04\/Ingenieria-Medelinox-4-18x10.jpg 18w, https:\/\/medelinox.com\/wp-content\/uploads\/2025\/04\/Ingenieria-Medelinox-4-1260x709.jpg 1260w, https:\/\/medelinox.com\/wp-content\/uploads\/2025\/04\/Ingenieria-Medelinox-4-630x354.jpg 630w, https:\/\/medelinox.com\/wp-content\/uploads\/2025\/04\/Ingenieria-Medelinox-4-420x236.jpg 420w, https:\/\/medelinox.com\/wp-content\/uploads\/2025\/04\/Ingenieria-Medelinox-4-840x473.jpg 840w, https:\/\/medelinox.com\/wp-content\/uploads\/2025\/04\/Ingenieria-Medelinox-4-315x177.jpg 315w\" \/>\t\t\t\t\t\t\t\n<h2>\n\t\t\tCon cada dise\u00f1o perseguimos un objetivo integral\t<\/h2>\n\t<p>Cada vez que intervenimos en un proyecto nos focalizamos en la superaci\u00f3n. Nuestra experiencia y trayectoria nos permiten entregar soluciones perfectamente adecuadas al logro de resultados efectivos.<\/p>\n<strong>Oficina de desarrollo<br \/>\n<\/strong>Contamos con \u00e1rea de ingenier\u00eda, dise\u00f1o y desarrollo propia.\n\n<\/div><!-- .vgblk-rw-wrapper -->","protected":false},"excerpt":{"rendered":"<p>Hacia el futuro Buscaremos combinar las aptitudes requeridas por nuestro cliente, y los avances mas recientes logrados por nuestra compa\u00f1\u00eda. Le brindaremos la posibilidad de conseguir importantes cambios para aumentar los niveles de eficiencia productiva. Conocer mas Asistimos y potenciamos todas las areas Trabajamos junto a nuestros clientes con una comprensi\u00f3n distintiva de sus necesidades&#8230;<\/p>","protected":false},"author":2,"featured_media":0,"parent":0,"menu_order":0,"comment_status":"closed","ping_status":"open","template":"","meta":{"inline_featured_image":false,"footnotes":""},"class_list":["post-23645","page","type-page","status-publish","hentry"],"yoast_head":"<!-- This site is optimized with the Yoast SEO plugin v27.4 - https:\/\/yoast.com\/product\/yoast-seo-wordpress\/ -->\n<title>Ingenieria -<\/title>\n<meta name=\"description\" content=\"Aplicaci\u00f3n de ingenier\u00eda para desarrollo y fabricaci\u00f3n de maquinas para procesos productivos industriales. Tecnologia aplicada y tecnificaci\u00f3n\" \/>\n<meta name=\"robots\" content=\"index, follow, max-snippet:-1, max-image-preview:large, max-video-preview:-1\" \/>\n<link rel=\"canonical\" href=\"https:\/\/medelinox.com\/en\/ingenieria\/\" \/>\n<meta property=\"og:locale\" content=\"en_US\" \/>\n<meta property=\"og:type\" content=\"article\" \/>\n<meta property=\"og:title\" content=\"Automatizaci\u00f3n\" \/>\n<meta property=\"og:description\" content=\"Industria 4.0. Automatizaci\u00f3n integral para maquinas y sistemas de elaboraci\u00f3n de cerveza, chocolate, dulce de leche y helados.\" \/>\n<meta property=\"og:url\" content=\"https:\/\/medelinox.com\/en\/ingenieria\/\" \/>\n<meta property=\"article:modified_time\" content=\"2025-06-24T11:08:17+00:00\" \/>\n<meta property=\"og:image\" content=\"https:\/\/medelinox.com\/wp-content\/uploads\/2024\/02\/37.png\" \/>\n\t<meta property=\"og:image:width\" content=\"500\" \/>\n\t<meta property=\"og:image:height\" content=\"500\" \/>\n\t<meta property=\"og:image:type\" content=\"image\/png\" \/>\n<meta name=\"twitter:card\" content=\"summary_large_image\" \/>\n<meta name=\"twitter:label1\" content=\"Est. reading time\" \/>\n\t<meta name=\"twitter:data1\" content=\"4 minutes\" \/>\n<script type=\"application\/ld+json\" class=\"yoast-schema-graph\">{\"@context\":\"https:\\\/\\\/schema.org\",\"@graph\":[{\"@type\":\"WebPage\",\"@id\":\"https:\\\/\\\/medelinox.com\\\/ingenieria\\\/\",\"url\":\"https:\\\/\\\/medelinox.com\\\/ingenieria\\\/\",\"name\":\"Ingenieria -\",\"isPartOf\":{\"@id\":\"https:\\\/\\\/medelinox.com\\\/#website\"},\"primaryImageOfPage\":{\"@id\":\"https:\\\/\\\/medelinox.com\\\/ingenieria\\\/#primaryimage\"},\"image\":{\"@id\":\"https:\\\/\\\/medelinox.com\\\/ingenieria\\\/#primaryimage\"},\"thumbnailUrl\":\"https:\\\/\\\/medelinox.com\\\/wp-content\\\/uploads\\\/2017\\\/07\\\/12.png\",\"datePublished\":\"2025-04-01T17:15:07+00:00\",\"dateModified\":\"2025-06-24T11:08:17+00:00\",\"description\":\"Aplicaci\u00f3n de ingenier\u00eda para desarrollo y fabricaci\u00f3n de maquinas para procesos productivos industriales. Tecnologia aplicada y tecnificaci\u00f3n\",\"breadcrumb\":{\"@id\":\"https:\\\/\\\/medelinox.com\\\/ingenieria\\\/#breadcrumb\"},\"inLanguage\":\"en-US\",\"potentialAction\":[{\"@type\":\"ReadAction\",\"target\":[\"https:\\\/\\\/medelinox.com\\\/ingenieria\\\/\"]}]},{\"@type\":\"ImageObject\",\"inLanguage\":\"en-US\",\"@id\":\"https:\\\/\\\/medelinox.com\\\/ingenieria\\\/#primaryimage\",\"url\":\"https:\\\/\\\/medelinox.com\\\/wp-content\\\/uploads\\\/2017\\\/07\\\/12.png\",\"contentUrl\":\"https:\\\/\\\/medelinox.com\\\/wp-content\\\/uploads\\\/2017\\\/07\\\/12.png\"},{\"@type\":\"BreadcrumbList\",\"@id\":\"https:\\\/\\\/medelinox.com\\\/ingenieria\\\/#breadcrumb\",\"itemListElement\":[{\"@type\":\"ListItem\",\"position\":1,\"name\":\"Portada\",\"item\":\"https:\\\/\\\/medelinox.com\\\/\"},{\"@type\":\"ListItem\",\"position\":2,\"name\":\"Ingenieria\"}]},{\"@type\":\"WebSite\",\"@id\":\"https:\\\/\\\/medelinox.com\\\/#website\",\"url\":\"https:\\\/\\\/medelinox.com\\\/\",\"name\":\"Medelinox\",\"description\":\"\",\"publisher\":{\"@id\":\"https:\\\/\\\/medelinox.com\\\/#organization\"},\"potentialAction\":[{\"@type\":\"SearchAction\",\"target\":{\"@type\":\"EntryPoint\",\"urlTemplate\":\"https:\\\/\\\/medelinox.com\\\/?s={search_term_string}\"},\"query-input\":{\"@type\":\"PropertyValueSpecification\",\"valueRequired\":true,\"valueName\":\"search_term_string\"}}],\"inLanguage\":\"en-US\"},{\"@type\":\"Organization\",\"@id\":\"https:\\\/\\\/medelinox.com\\\/#organization\",\"name\":\"Medelinox.com\",\"url\":\"https:\\\/\\\/medelinox.com\\\/\",\"logo\":{\"@type\":\"ImageObject\",\"inLanguage\":\"en-US\",\"@id\":\"https:\\\/\\\/medelinox.com\\\/#\\\/schema\\\/logo\\\/image\\\/\",\"url\":\"https:\\\/\\\/medelinox.com\\\/wp-content\\\/uploads\\\/2020\\\/06\\\/cropped-logoweb-naranja-png.png\",\"contentUrl\":\"https:\\\/\\\/medelinox.com\\\/wp-content\\\/uploads\\\/2020\\\/06\\\/cropped-logoweb-naranja-png.png\",\"width\":234,\"height\":106,\"caption\":\"Medelinox.com\"},\"image\":{\"@id\":\"https:\\\/\\\/medelinox.com\\\/#\\\/schema\\\/logo\\\/image\\\/\"}}]}<\/script>\n<!-- \/ Yoast SEO plugin. -->","yoast_head_json":{"title":"Ingenieria -","description":"Aplicaci\u00f3n de ingenier\u00eda para desarrollo y fabricaci\u00f3n de maquinas para procesos productivos industriales. Tecnologia aplicada y tecnificaci\u00f3n","robots":{"index":"index","follow":"follow","max-snippet":"max-snippet:-1","max-image-preview":"max-image-preview:large","max-video-preview":"max-video-preview:-1"},"canonical":"https:\/\/medelinox.com\/en\/ingenieria\/","og_locale":"en_US","og_type":"article","og_title":"Automatizaci\u00f3n","og_description":"Industria 4.0. Automatizaci\u00f3n integral para maquinas y sistemas de elaboraci\u00f3n de cerveza, chocolate, dulce de leche y helados.","og_url":"https:\/\/medelinox.com\/en\/ingenieria\/","article_modified_time":"2025-06-24T11:08:17+00:00","og_image":[{"width":500,"height":500,"url":"https:\/\/medelinox.com\/wp-content\/uploads\/2024\/02\/37.png","type":"image\/png"}],"twitter_card":"summary_large_image","twitter_misc":{"Est. reading time":"4 minutes"},"schema":{"@context":"https:\/\/schema.org","@graph":[{"@type":"WebPage","@id":"https:\/\/medelinox.com\/ingenieria\/","url":"https:\/\/medelinox.com\/ingenieria\/","name":"Ingenieria -","isPartOf":{"@id":"https:\/\/medelinox.com\/#website"},"primaryImageOfPage":{"@id":"https:\/\/medelinox.com\/ingenieria\/#primaryimage"},"image":{"@id":"https:\/\/medelinox.com\/ingenieria\/#primaryimage"},"thumbnailUrl":"https:\/\/medelinox.com\/wp-content\/uploads\/2017\/07\/12.png","datePublished":"2025-04-01T17:15:07+00:00","dateModified":"2025-06-24T11:08:17+00:00","description":"Aplicaci\u00f3n de ingenier\u00eda para desarrollo y fabricaci\u00f3n de maquinas para procesos productivos industriales. Tecnologia aplicada y tecnificaci\u00f3n","breadcrumb":{"@id":"https:\/\/medelinox.com\/ingenieria\/#breadcrumb"},"inLanguage":"en-US","potentialAction":[{"@type":"ReadAction","target":["https:\/\/medelinox.com\/ingenieria\/"]}]},{"@type":"ImageObject","inLanguage":"en-US","@id":"https:\/\/medelinox.com\/ingenieria\/#primaryimage","url":"https:\/\/medelinox.com\/wp-content\/uploads\/2017\/07\/12.png","contentUrl":"https:\/\/medelinox.com\/wp-content\/uploads\/2017\/07\/12.png"},{"@type":"BreadcrumbList","@id":"https:\/\/medelinox.com\/ingenieria\/#breadcrumb","itemListElement":[{"@type":"ListItem","position":1,"name":"Portada","item":"https:\/\/medelinox.com\/"},{"@type":"ListItem","position":2,"name":"Ingenieria"}]},{"@type":"WebSite","@id":"https:\/\/medelinox.com\/#website","url":"https:\/\/medelinox.com\/","name":"Medelinox","description":"","publisher":{"@id":"https:\/\/medelinox.com\/#organization"},"potentialAction":[{"@type":"SearchAction","target":{"@type":"EntryPoint","urlTemplate":"https:\/\/medelinox.com\/?s={search_term_string}"},"query-input":{"@type":"PropertyValueSpecification","valueRequired":true,"valueName":"search_term_string"}}],"inLanguage":"en-US"},{"@type":"Organization","@id":"https:\/\/medelinox.com\/#organization","name":"Medelinox.com","url":"https:\/\/medelinox.com\/","logo":{"@type":"ImageObject","inLanguage":"en-US","@id":"https:\/\/medelinox.com\/#\/schema\/logo\/image\/","url":"https:\/\/medelinox.com\/wp-content\/uploads\/2020\/06\/cropped-logoweb-naranja-png.png","contentUrl":"https:\/\/medelinox.com\/wp-content\/uploads\/2020\/06\/cropped-logoweb-naranja-png.png","width":234,"height":106,"caption":"Medelinox.com"},"image":{"@id":"https:\/\/medelinox.com\/#\/schema\/logo\/image\/"}}]}},"_links":{"self":[{"href":"https:\/\/medelinox.com\/en\/wp-json\/wp\/v2\/pages\/23645","targetHints":{"allow":["GET"]}}],"collection":[{"href":"https:\/\/medelinox.com\/en\/wp-json\/wp\/v2\/pages"}],"about":[{"href":"https:\/\/medelinox.com\/en\/wp-json\/wp\/v2\/types\/page"}],"author":[{"embeddable":true,"href":"https:\/\/medelinox.com\/en\/wp-json\/wp\/v2\/users\/2"}],"replies":[{"embeddable":true,"href":"https:\/\/medelinox.com\/en\/wp-json\/wp\/v2\/comments?post=23645"}],"version-history":[{"count":0,"href":"https:\/\/medelinox.com\/en\/wp-json\/wp\/v2\/pages\/23645\/revisions"}],"wp:attachment":[{"href":"https:\/\/medelinox.com\/en\/wp-json\/wp\/v2\/media?parent=23645"}],"curies":[{"name":"wp","href":"https:\/\/api.w.org\/{rel}","templated":true}]}}